{"id":28978,"date":"2021-12-24T13:29:09","date_gmt":"2021-12-24T12:29:09","guid":{"rendered":"https:\/\/www.dmg-france.com\/?page_id=28978"},"modified":"2021-12-24T13:47:22","modified_gmt":"2021-12-24T12:47:22","slug":"nos-engagements","status":"publish","type":"page","link":"http:\/\/dmg-france.com\/en\/nos-engagements\/","title":{"rendered":"Nos engagements"},"content":{"rendered":"<p>[et_pb_section fb_built=\u00a0\u00bb1&Prime; _builder_version=\u00a0\u00bb4.14.1&Prime; _module_preset=\u00a0\u00bbdefault\u00a0\u00bb custom_padding=\u00a0\u00bb16px|||||\u00a0\u00bb global_colors_info=\u00a0\u00bb{}\u00a0\u00bb][et_pb_row _builder_version=\u00a0\u00bb4.14.1&Prime; _module_preset=\u00a0\u00bbdefault\u00a0\u00bb width=\u00a0\u00bb69%\u00a0\u00bb custom_margin=\u00a0\u00bb10px|auto||auto||\u00a0\u00bb global_colors_info=\u00a0\u00bb{}\u00a0\u00bb][et_pb_column type=\u00a0\u00bb4_4&Prime; _builder_version=\u00a0\u00bb4.14.1&Prime; _module_preset=\u00a0\u00bbdefault\u00a0\u00bb global_colors_info=\u00a0\u00bb{}\u00a0\u00bb][et_pb_text _builder_version=\u00a0\u00bb4.14.1&Prime; _module_preset=\u00a0\u00bbdefault\u00a0\u00bb global_colors_info=\u00a0\u00bb{}\u00a0\u00bb]<\/p>\n<h1 style=\"text-align: center;\">OUR COMMITMENTS<\/h1>\n<p>[\/et_pb_text][\/et_pb_column][\/et_pb_row][et_pb_row column_structure=\u00a0\u00bb1_2,1_2&Prime; _builder_version=\u00a0\u00bb4.14.1&Prime; _module_preset=\u00a0\u00bbdefault\u00a0\u00bb width=\u00a0\u00bb69%\u00a0\u00bb custom_margin=\u00a0\u00bb-13px|auto||auto||\u00a0\u00bb global_colors_info=\u00a0\u00bb{}\u00a0\u00bb][et_pb_column type=\u00a0\u00bb1_2&Prime; _builder_version=\u00a0\u00bb4.14.1&Prime; _module_preset=\u00a0\u00bbdefault\u00a0\u00bb global_colors_info=\u00a0\u00bb{}\u00a0\u00bb][et_pb_text _builder_version=\u00a0\u00bb4.14.1&Prime; _module_preset=\u00a0\u00bbdefault\u00a0\u00bb global_colors_info=\u00a0\u00bb{}\u00a0\u00bb]<\/p>\n<h1><span style=\"font-size: 26px;\">To go beyond<\/span><\/h1>\n<p>Our business goes beyond the delivery of the products ordered. We listen to and consider each of our client\u2019s problems in order to assist them and anticipate their needs.<\/p>\n<p><img loading=\"lazy\" decoding=\"async\" src=\"https:\/\/www.dmg-france.com\/wp-content\/uploads\/2021\/12\/Homme-chariot-elevateur.jpeg\" width=\"399\" height=\"254\" alt=\"Chariot \u00e9l\u00e9vateur\" class=\"wp-image-28982 alignnone size-full\" \/><\/p>\n<h2><span>To work fast and hard<\/span><\/h2>\n<p>When a client or associate needs us, to work fast and hard is and always has been a true philosophy at DMG. Every day, we question ourselves and we reposition our business to track the changes in the market as closely as possible. Our values are traditional and our work is state-of-the-art and constantly evolving.<\/p>\n<h2><span>Commitment and respect<\/span><\/h2>\n<p>Commitment and honoring our word are the values that we bring to our work every day. As much as we continue to position our company in increasingly cutting-edge  commercial markets and honor our business agreements with our suppliers and clients, we also consider the commitments we make to our employees in order to compensate every individual\u2019s work fairly and to ensure their job security and success.<span><\/span><\/p>\n<p>[\/et_pb_text][\/et_pb_column][et_pb_column type=\u00a0\u00bb1_2&Prime; _builder_version=\u00a0\u00bb4.14.1&Prime; _module_preset=\u00a0\u00bbdefault\u00a0\u00bb global_colors_info=\u00a0\u00bb{}\u00a0\u00bb][et_pb_text _builder_version=\u00a0\u00bb4.14.1&Prime; _module_preset=\u00a0\u00bbdefault\u00a0\u00bb hover_enabled=\u00a0\u00bb0&Prime; global_colors_info=\u00a0\u00bb{}\u00a0\u00bb sticky_enabled=\u00a0\u00bb0&Prime;]<\/p>\n<h2><span>Efficiency and Risk Management<\/span><\/h2>\n<p>Efficient and meticulous, DMG has a unique appreciation for excellence. As a result, we have implemented an HACCP system based on risk analysis encompassing all of our activities.  Together with our artisan and industrial suppliers, we monitor the microbiological quality of the products we distribute. Our upstream and downstream traceability is tested daily which allows for a rapid guarantee of food safety.<\/p>\n<p><img loading=\"lazy\" decoding=\"async\" src=\"https:\/\/www.dmg-france.com\/wp-content\/uploads\/2021\/12\/boite-petri.jpeg\" width=\"185\" height=\"123\" alt=\"Bo\u00eete de petri\" class=\"wp-image-28985 alignnone size-full\" \/><img loading=\"lazy\" decoding=\"async\" src=\"https:\/\/www.dmg-france.com\/wp-content\/uploads\/2021\/12\/code-barre.jpeg\" width=\"197\" height=\"126\" alt=\"code barre\" class=\"wp-image-28986 alignnone size-full\" \/><\/p>\n<h2><span>Our reward...<\/span><\/h2>\n<h2><span><\/span><span>It's our client satisfaction !<\/span><\/h2>\n<p>&nbsp;<\/p>\n<p>[\/et_pb_text][et_pb_divider _builder_version=\u00a0\u00bb4.14.1&Prime; _module_preset=\u00a0\u00bbdefault\u00a0\u00bb color=\u00a0\u00bb#E02B20&Prime; hover_enabled=\u00a0\u00bb0&Prime; sticky_enabled=\u00a0\u00bb0&Prime;][\/et_pb_divider][et_pb_image src=\u00a0\u00bbhttps:\/\/www.dmg-france.com\/wp-content\/uploads\/2021\/12\/Capture-de\u0301cran-2021-12-19-a\u0300-18.42.03.png\u00a0\u00bb _builder_version=\u00a0\u00bb4.14.1&Prime; _module_preset=\u00a0\u00bbdefault\u00a0\u00bb alt=\u00a0\u00bbLogo DMG\u00a0\u00bb title_text=\u00a0\u00bbLogo DMG\u00a0\u00bb width=\u00a0\u00bb38%\u00a0\u00bb module_alignment=\u00a0\u00bbcenter\u00a0\u00bb][\/et_pb_image][\/et_pb_column][\/et_pb_row][\/et_pb_section]<\/p>","protected":false},"excerpt":{"rendered":"<p>NOS ENGAGEMENTSPour aller plus loin Notre m\u00e9tier va au del\u00e0 de la livraison de produits command\u00e9s. Nous \u00e9coutons et \u00e9tudions chacune des probl\u00e9matiques de chacun de nos clients pour accompagner voir anticiper leurs demandes. Aller vite et travailler fort Quand un client ou un collaborateur a besoin de nous, aller vite et travailler fort est [&hellip;]<\/p>","protected":false},"author":1,"featured_media":0,"parent":0,"menu_order":0,"comment_status":"closed","ping_status":"closed","template":"","meta":{"_et_pb_use_builder":"on","_et_pb_old_content":"","_et_gb_content_width":"","footnotes":""},"class_list":["post-28978","page","type-page","status-publish","hentry"],"acf":[],"_links":{"self":[{"href":"http:\/\/dmg-france.com\/en\/wp-json\/wp\/v2\/pages\/28978","targetHints":{"allow":["GET"]}}],"collection":[{"href":"http:\/\/dmg-france.com\/en\/wp-json\/wp\/v2\/pages"}],"about":[{"href":"http:\/\/dmg-france.com\/en\/wp-json\/wp\/v2\/types\/page"}],"author":[{"embeddable":true,"href":"http:\/\/dmg-france.com\/en\/wp-json\/wp\/v2\/users\/1"}],"replies":[{"embeddable":true,"href":"http:\/\/dmg-france.com\/en\/wp-json\/wp\/v2\/comments?post=28978"}],"version-history":[{"count":11,"href":"http:\/\/dmg-france.com\/en\/wp-json\/wp\/v2\/pages\/28978\/revisions"}],"predecessor-version":[{"id":28996,"href":"http:\/\/dmg-france.com\/en\/wp-json\/wp\/v2\/pages\/28978\/revisions\/28996"}],"wp:attachment":[{"href":"http:\/\/dmg-france.com\/en\/wp-json\/wp\/v2\/media?parent=28978"}],"curies":[{"name":"wp","href":"https:\/\/api.w.org\/{rel}","templated":true}]}}