{"id":29010,"date":"2021-12-24T14:38:48","date_gmt":"2021-12-24T13:38:48","guid":{"rendered":"https:\/\/www.dmg-france.com\/?page_id=29010"},"modified":"2022-02-12T19:08:24","modified_gmt":"2022-02-12T18:08:24","slug":"mentions-legales","status":"publish","type":"page","link":"http:\/\/dmg-france.com\/en\/mentions-legales\/","title":{"rendered":"Terms of use"},"content":{"rendered":"<p>[et_pb_section fb_built=\u00a0\u00bb1&Prime; _builder_version=\u00a0\u00bb4.14.1&Prime; _module_preset=\u00a0\u00bbdefault\u00a0\u00bb custom_padding=\u00a0\u00bb29px|||||\u00a0\u00bb global_colors_info=\u00a0\u00bb{}\u00a0\u00bb][et_pb_row _builder_version=\u00a0\u00bb4.14.1&Prime; _module_preset=\u00a0\u00bbdefault\u00a0\u00bb custom_padding=\u00a0\u00bb16px||39px|||\u00a0\u00bb global_colors_info=\u00a0\u00bb{}\u00a0\u00bb][et_pb_column type=\u00a0\u00bb4_4&Prime; _builder_version=\u00a0\u00bb4.14.1&Prime; _module_preset=\u00a0\u00bbdefault\u00a0\u00bb global_colors_info=\u00a0\u00bb{}\u00a0\u00bb][et_pb_text _builder_version=\u00a0\u00bb4.14.1&Prime; _module_preset=\u00a0\u00bbdefault\u00a0\u00bb global_colors_info=\u00a0\u00bb{}\u00a0\u00bb]<\/p>\n<h1 style=\"text-align: center;\">Legal information<\/h1>\n<div class=\"itemBody\">\n<div class=\"itemFullText\">\n<p style=\"text-align: center;\"><span>Legal information about this website<\/span><\/p>\n<\/div>\n<\/div>\n<p>[\/et_pb_text][\/et_pb_column][\/et_pb_row][et_pb_row column_structure=\u00a0\u00bb1_2,1_2&Prime; _builder_version=\u00a0\u00bb4.14.1&Prime; _module_preset=\u00a0\u00bbdefault\u00a0\u00bb width=\u00a0\u00bb70%\u00a0\u00bb custom_margin=\u00a0\u00bb-11px|auto||auto||\u00a0\u00bb global_colors_info=\u00a0\u00bb{}\u00a0\u00bb][et_pb_column type=\u00a0\u00bb1_2&Prime; _builder_version=\u00a0\u00bb4.14.1&Prime; _module_preset=\u00a0\u00bbdefault\u00a0\u00bb global_colors_info=\u00a0\u00bb{}\u00a0\u00bb][et_pb_text _builder_version=\u00a0\u00bb4.14.1&Prime; _module_preset=\u00a0\u00bbdefault\u00a0\u00bb global_colors_info=\u00a0\u00bb{}\u00a0\u00bb]<\/p>\n<div class=\"itemHeader\"><\/div>\n<div class=\"itemBody\">\n<div class=\"itemFullText\">\n<p><span style=\"color: #333333; font-size: 22px;\">1. About this website<\/span><\/p>\n<p>Pursuant to Article 6 of Law No. 2004-575 of 21 June 2004 on confidence in the digital economy, users of the site are informed that<span>\u00a0<\/span><a href=\"\/en\/The use of the site www.dmg-france.com implies full acceptance of the general conditions of use described below. These conditions of use are likely to be modified or completed at any time, the users of the site www.dmg-france.com are thus invited to consult them regularly.\/\" title=\"Domaine des Gondoles - www.dmg-france.com\">www.dmg-france.com<\/a><span>\u00a0<\/span>the identity of the various parties involved in its implementation and follow-up:<\/p>\n<p><strong>OWNER<\/strong><span>\u00a0<\/span>: Domaine des Gondoles \u2013 SAS \/ SIRET : 54207445500040 \u2013 ZAC de la Butte Gayen 118, avenue des roses 94440 SANTENY FRANCE<br \/><strong>CREATOR<\/strong><span>\u00a0<\/span>:<span>\u00a0<\/span><a href=\"http:\/\/www.mediafox.com\">mediafox<\/a><br \/><strong>PUBLISHER<\/strong><span>\u00a0<\/span>: Nathalie DUEZ \u2013 +33 (0)1.45.10.28.50<br \/>The person responsible for publication is a natural person or a legal entity.<br \/><strong>Webmaster<\/strong><span>\u00a0<\/span>: mediafox \u2013 +33 (0)1.45.10.28.50<br \/><strong>HOSTING<\/strong><span>\u00a0<\/span>: Infomaniak \u2013 INFOMANIAK NETWORK SA 26, Avenue de la Praille 1227 Carouge \/ Gen\u00e8ve SUISSE<br \/>Credits: the legal notices have been generated and offered by Subdelirium<span>\u00a0<\/span><a href=\"http:\/\/www.subdelirium.com\/competences\/creation-de-sites-web\/creation-de-site-internet-en-gironde\/creation-de-site-internet-bordeaux\/\" target=\"_blank\" rel=\"noopener\">#<\/a><\/p>\n<h3>2. General conditions of use of the site and the proposed services.<\/h3>\n<p>L\u2019utilisation du site<span>\u00a0<\/span><a href=\"\/en\/The use of the site www.dmg-france.com implies full acceptance of the general conditions of use described below. These conditions of use are likely to be modified or completed at any time, the users of the site www.dmg-france.com are thus invited to consult them regularly.\/\" title=\"Domaine des Gondoles - www.dmg-france.com\">www.dmg-france.com<\/a><span>\u00a0<\/span>implique l\u2019acceptation pleine et enti\u00e8re des conditions g\u00e9n\u00e9rales d\u2019utilisation ci-apr\u00e8s d\u00e9crites. Ces conditions d\u2019utilisation sont susceptibles d\u2019\u00eatre modifi\u00e9es ou compl\u00e9t\u00e9es \u00e0 tout moment, les utilisateurs du site<span>\u00a0<\/span><a href=\"\/en\/The use of the site www.dmg-france.com implies full acceptance of the general conditions of use described below. These conditions of use are likely to be modified or completed at any time, the users of the site www.dmg-france.com are thus invited to consult them regularly.\/\" title=\"Domaine des Gondoles - www.dmg-france.com\">www.dmg-france.com<\/a><span>\u00a0<\/span>sont donc invit\u00e9s \u00e0 les consulter de mani\u00e8re r\u00e9guli\u00e8re.<\/p>\n<p>This site is normally accessible to users at all times. However, Domaine des Gondoles may decide to interrupt the site for technical maintenance purposes. In such a case, Domaine des Gondoles will make every effort to inform users of the dates and times of the intervention beforehand.<\/p>\n<p>This site or<span>\u00a0<\/span><a href=\"\/en\/The use of the site www.dmg-france.com implies full acceptance of the general conditions of use described below. These conditions of use are likely to be modified or completed at any time, the users of the site www.dmg-france.com are thus invited to consult them regularly.\/\" title=\"Domaine des Gondoles - www.dmg-france.com\">www.dmg-france.com<\/a><span>\u00a0<\/span>is normally accessible to users at all times. However, Domaine des Gondoles may decide to interrupt the site for technical maintenance purposes. In such a case, Domaine des Gondoles will make every effort to inform users of the dates and times of the intervention beforehand.<\/p>\n<h3>3. Description of services provided.<\/h3>\n<p>This site or<span>\u00a0<\/span><a href=\"\/en\/The use of the site www.dmg-france.com implies full acceptance of the general conditions of use described below. These conditions of use are likely to be modified or completed at any time, the users of the site www.dmg-france.com are thus invited to consult them regularly.\/\" title=\"Domaine des Gondoles - www.dmg-france.com\">www.dmg-france.com<\/a><span>\u00a0<\/span>is to provide information concerning all the activities of the company.<\/p>\n<p>We try to keep information as accurate as possible. However, it cannot be held responsible for omissions, inaccuracies and shortcomings in the updating, whether they are of its own making or of the making of third-party partners who provide it with this information.<span>\u00a0<\/span><a href=\"\/en\/The use of the site www.dmg-france.com implies full acceptance of the general conditions of use described below. These conditions of use are likely to be modified or completed at any time, the users of the site www.dmg-france.com are thus invited to consult them regularly.\/\" title=\"Domaine des Gondoles - www.dmg-france.com\">www.dmg-france.com<\/a><span>\u00a0<\/span>#<\/p>\n<p>All information on the site<span>\u00a0<\/span><a href=\"\/en\/The use of the site www.dmg-france.com implies full acceptance of the general conditions of use described below. These conditions of use are likely to be modified or completed at any time, the users of the site www.dmg-france.com are thus invited to consult them regularly.\/\" title=\"Domaine des Gondoles - www.dmg-france.com\">www.dmg-france.com<\/a><span>\u00a0<\/span>is given as an indication, and is likely to evolve. Moreover, the information on the site<span>\u00a0<\/span><a href=\"\/en\/The use of the site www.dmg-france.com implies full acceptance of the general conditions of use described below. These conditions of use are likely to be modified or completed at any time, the users of the site www.dmg-france.com are thus invited to consult them regularly.\/\" title=\"Domaine des Gondoles - www.dmg-france.com\">www.dmg-france.com<\/a><span>\u00a0<\/span>is not exhaustive. It is given subject to modifications having been made since it was put on line.<\/p>\n<h3>4. Contractual limitations on technical data.<\/h3>\n<p>The site uses JavaScript technology.<\/p>\n<p>The website can not be held responsible for material damage related to the use of the site. In addition, the user of the site undertakes to access the site using recent equipment, free of viruses and with a last generation browser updated<\/p>\n<h3>5. Infringement of intellectual property rights<\/h3>\n<p>Domaine des Gondoles is the owner of the intellectual property rights or holds the rights of use on all the elements accessible on the site, in particular the texts, images, graphics, logo, icons, sounds, software.<\/p>\n<p>Any reproduction, representation, modification, publication, adaptation of all or part of the elements of the site, whatever the means or the process used, is prohibited, except prior written authorization of : Domaine des Gondoles.<\/p>\n<p>Any unauthorized exploitation of the site or of any of the elements it contains will be considered as constituting an infringement and will be prosecuted in accordance with the provisions of articles L.335-2 and following of the Intellectual Property Code.<\/p>\n<h3>6. Limitations of liability.<\/h3>\n<p>Domaine des Gondoles ne pourra \u00eatre tenue responsable des dommages directs et indirects caus\u00e9s au mat\u00e9riel de l\u2019utilisateur, lors de l\u2019acc\u00e8s au site <a href=\"\/en\/The use of the site www.dmg-france.com implies full acceptance of the general conditions of use described below. These conditions of use are likely to be modified or completed at any time, the users of the site www.dmg-france.com are thus invited to consult them regularly.\/\">www.dmg-france.com<\/a>, et r\u00e9sultant soit de l\u2019utilisation d\u2019un mat\u00e9riel ne r\u00e9pondant pas aux sp\u00e9cifications indiqu\u00e9es au point 4, soit de l\u2019apparition d\u2019un bug ou d\u2019une incompatibilit\u00e9.<\/p>\n<p>Domaine des Gondoles can also not be held responsible for indirect damages (such as loss of market or loss of opportunity) resulting from the use of the site<span>\u00a0<\/span><a href=\"\/en\/The use of the site www.dmg-france.com implies full acceptance of the general conditions of use described below. These conditions of use are likely to be modified or completed at any time, the users of the site www.dmg-france.com are thus invited to consult them regularly.\/\" title=\"Domaine des Gondoles - www.dmg-france.com\">www.dmg-france.com<\/a>.<\/p>\n<p>Interactive spaces (possibility of asking questions in the contact space) are at the disposal of the users. Domaine des Gondoles reserves the right to delete, without prior notice, any content posted in this area that contravenes applicable French law, in particular regulations on data protection. If need be, Domaine des Gondoles also reserves the possibility of calling into question the civil and\/or penal responsibility of the user, in particular in the event of message of a racist, insulting, defamatory or pornographic nature, whatever the medium used (text, photograph...).<\/p>\n<p>&nbsp;<\/p>\n<\/div>\n<\/div>\n<p>[\/et_pb_text][\/et_pb_column][et_pb_column type=\u00a0\u00bb1_2&Prime; _builder_version=\u00a0\u00bb4.14.1&Prime; _module_preset=\u00a0\u00bbdefault\u00a0\u00bb global_colors_info=\u00a0\u00bb{}\u00a0\u00bb][et_pb_text _builder_version=\u00a0\u00bb4.14.1&Prime; _module_preset=\u00a0\u00bbdefault\u00a0\u00bb global_colors_info=\u00a0\u00bb{}\u00a0\u00bb]<\/p>\n<h3>7. Personal data management.<\/h3>\n<p>In France, personal data are notably protected by the law n\u00b0 78-87 of January 6, 1978, the law n\u00b0 2004-801 of August 6, 2004, the article L. 226-13 of the Penal Code and the European Directive of October 24, 1995.<\/p>\n<p>At the time of the use of the site<span>\u00a0<\/span><a href=\"\/en\/The use of the site www.dmg-france.com implies full acceptance of the general conditions of use described below. These conditions of use are likely to be modified or completed at any time, the users of the site www.dmg-france.com are thus invited to consult them regularly.\/\" title=\"Domaine des Gondoles - www.dmg-france.com\">www.dmg-france.com<\/a>can be collected: the URL of the links by the intermediary of which the user reached the site<span>\u00a0<\/span><a href=\"\/en\/The use of the site www.dmg-france.com implies full acceptance of the general conditions of use described below. These conditions of use are likely to be modified or completed at any time, the users of the site www.dmg-france.com are thus invited to consult them regularly.\/\" title=\"Domaine des Gondoles - www.dmg-france.com\">www.dmg-france.com<\/a>the Internet Service Provider of the user, the address of Internet protocol (IP) of the user.<\/p>\n<p>In any case Domaine des Gondoles collects personal information about the user only for the need of some services offered by the site<span>\u00a0<\/span><a href=\"\/en\/The use of the site www.dmg-france.com implies full acceptance of the general conditions of use described below. These conditions of use are likely to be modified or completed at any time, the users of the site www.dmg-france.com are thus invited to consult them regularly.\/\" title=\"Domaine des Gondoles - www.dmg-france.com\">www.dmg-france.com<\/a>The user provides this information with full knowledge of the facts, in particular when he\/she proceeds by himself\/herself to their input. It is then specified to the user of the site<span>\u00a0<\/span><a href=\"\/en\/The use of the site www.dmg-france.com implies full acceptance of the general conditions of use described below. These conditions of use are likely to be modified or completed at any time, the users of the site www.dmg-france.com are thus invited to consult them regularly.\/\" title=\"Domaine des Gondoles - www.dmg-france.com\">www.dmg-france.com<\/a><span>\u00a0<\/span>the obligation or not to provide this information.<\/p>\n<p>No personal information of the user of the site<\/p>\n<p>No personal information of the user of the site<span>\u00a0<\/span><a href=\"\/en\/The use of the site www.dmg-france.com implies full acceptance of the general conditions of use described below. These conditions of use are likely to be modified or completed at any time, the users of the site www.dmg-france.com are thus invited to consult them regularly.\/\" title=\"Domaine des Gondoles - www.dmg-france.com\">www.dmg-france.com<\/a><span>\u00a0<\/span>is published without the user's knowledge, exchanged, transferred, assigned or sold on any medium to third parties. Only the assumption of the repurchase of Domaine des Gondoles and its rights would allow the transmission of the aforementioned information to the possible purchaser who would be in its turn held of the same obligation of conservation and modification of the data with respect to the user of the<span>\u00a0<\/span><a href=\"\/en\/The use of the site www.dmg-france.com implies full acceptance of the general conditions of use described below. These conditions of use are likely to be modified or completed at any time, the users of the site www.dmg-france.com are thus invited to consult them regularly.\/\" title=\"Domaine des Gondoles - www.dmg-france.com\">www.dmg-france.com<\/a>.<\/p>\n<p>The site is not declared to the CNIL.<\/p>\n<p>The databases are protected by the provisions of the law of July 1, 1998 transposing the directive 96\/9 of March 11, 1996 on the legal protection of databases.<\/p>\n<h3>8. Hypertext links and cookies.<\/h3>\n<p>This site or<span>\u00a0<\/span><a href=\"\/en\/The use of the site www.dmg-france.com implies full acceptance of the general conditions of use described below. These conditions of use are likely to be modified or completed at any time, the users of the site www.dmg-france.com are thus invited to consult them regularly.\/\" title=\"Domaine des Gondoles - www.dmg-france.com\">www.dmg-france.com<\/a><span>\u00a0<\/span>contains a certain number of hypertext links to other sites, set up with the authorization of Domaine des Gondoles. However, Domaine des Gondoles does not have the possibility to check the content of the sites thus visited, and will not assume any responsibility for this fact.<\/p>\n<p>Browsing the<span>\u00a0<\/span><a href=\"\/en\/The use of the site www.dmg-france.com implies full acceptance of the general conditions of use described below. These conditions of use are likely to be modified or completed at any time, the users of the site www.dmg-france.com are thus invited to consult them regularly.\/\" title=\"Domaine des Gondoles - www.dmg-france.com\">www.dmg-france.com<\/a><span>\u00a0<\/span>website may cause cookies to be installed on the user's computer. A cookie is a small file, which does not allow the identification of the user, but which records information relating to the navigation of a computer on a site. The data thus obtained is intended to facilitate subsequent navigation on the site, and is also intended to allow various measures of frequentation.<\/p>\n<p>Refusing to install a cookie may make it impossible to access certain services. The user can however configure his computer in the following way, to refuse the installation of cookies:<\/p>\n<p>In Internet Explorer: Tools tab (cog-shaped icon in the upper right corner) \/ Internet options. Click on Privacy and choose Block all cookies. Validate on Ok.<\/p>\n<p>In Firefox: At the top of the browser window, click the Firefox button, then go to the Options tab. Click on the Privacy tab. Set the Retention Rules to: use custom settings for history. Finally uncheck it to disable cookies.<\/p>\n<p>In Safari: Click on the menu icon (symbolized by a cog) at the top right of the browser. Select Settings. Click on Show Advanced Settings. In the \"Privacy\" section, click on Content Settings. In the \"Cookies\" section, you can block cookies.<\/p>\n<p>In Chrome: Click the menu icon (symbolized by three horizontal lines) at the top right of the browser. Select Settings. Click on Show Advanced Settings. In the \"Privacy\" section, click on preferences. In the \"Privacy\" tab, you can block cookies.<\/p>\n<p>Edge: Tool tab (cog-shaped icon in the upper right corner) Site permissions. Select Cookies and Site Data. Here you can set specific controls for cookies. Select View all cookies and site data. Select the arrow for View All Cookies and Site Data to view all cookies stored on your device.<\/p>\n<h3>9. Applicable law and jurisdiction.<\/h3>\n<p>Any dispute in connection with the use of the site<span>\u00a0<\/span><a href=\"\/en\/The use of the site www.dmg-france.com implies full acceptance of the general conditions of use described below. These conditions of use are likely to be modified or completed at any time, the users of the site www.dmg-france.com are thus invited to consult them regularly.\/\" title=\"Domaine des Gondoles - www.dmg-france.com\">www.dmg-france.com<\/a><span>\u00a0<\/span>is subject to French law. Exclusive jurisdiction is given to the competent courts of Cr\u00e9teil.<\/p>\n<h3>10. The main laws involved.<\/h3>\n<p>Law no. 78-87 of January 6, 1978, as amended by Law no. 2004-801 of August 6, 2004 on information technology, files and freedoms.\n\nLaw n\u00b0 2004-575 of June 21, 2004 for confidence in the digital economy.<\/p>\n<p>Loi n\u00b0 2004-575 du 21 juin 2004 pour la confiance dans l&rsquo;\u00e9conomie num\u00e9rique.<\/p>\n<h3>11. Lexicon.<\/h3>\n<p>User: Internet user connecting, using the above-mentioned site.<\/p>\n<p>Personal information: \"information that allows, in any form whatsoever, directly or not, the identification of individuals to whom they apply\" (Article 4 of Law No. 78-17 of 6 January 1978).<\/p>\n<p>[\/et_pb_text][\/et_pb_column][\/et_pb_row][\/et_pb_section]<\/p>","protected":false},"excerpt":{"rendered":"<p>Mentions L\u00e9gales Informations l\u00e9gales \u00e0 propos de ce site. 1. Pr\u00e9sentation du site. En vertu de l&rsquo;article 6 de la loi n\u00b0 2004-575 du 21 juin 2004 pour la confiance dans l&rsquo;\u00e9conomie num\u00e9rique, il est pr\u00e9cis\u00e9 aux utilisateurs du site\u00a0www.dmg-france.com\u00a0l&rsquo;identit\u00e9 des diff\u00e9rents intervenants dans le cadre de sa r\u00e9alisation et de son suivi : Propri\u00e9taire\u00a0: [&hellip;]<\/p>","protected":false},"author":1,"featured_media":0,"parent":0,"menu_order":0,"comment_status":"closed","ping_status":"closed","template":"","meta":{"_et_pb_use_builder":"on","_et_pb_old_content":"","_et_gb_content_width":"","footnotes":""},"class_list":["post-29010","page","type-page","status-publish","hentry"],"acf":[],"_links":{"self":[{"href":"http:\/\/dmg-france.com\/en\/wp-json\/wp\/v2\/pages\/29010","targetHints":{"allow":["GET"]}}],"collection":[{"href":"http:\/\/dmg-france.com\/en\/wp-json\/wp\/v2\/pages"}],"about":[{"href":"http:\/\/dmg-france.com\/en\/wp-json\/wp\/v2\/types\/page"}],"author":[{"embeddable":true,"href":"http:\/\/dmg-france.com\/en\/wp-json\/wp\/v2\/users\/1"}],"replies":[{"embeddable":true,"href":"http:\/\/dmg-france.com\/en\/wp-json\/wp\/v2\/comments?post=29010"}],"version-history":[{"count":5,"href":"http:\/\/dmg-france.com\/en\/wp-json\/wp\/v2\/pages\/29010\/revisions"}],"predecessor-version":[{"id":29315,"href":"http:\/\/dmg-france.com\/en\/wp-json\/wp\/v2\/pages\/29010\/revisions\/29315"}],"wp:attachment":[{"href":"http:\/\/dmg-france.com\/en\/wp-json\/wp\/v2\/media?parent=29010"}],"curies":[{"name":"wp","href":"https:\/\/api.w.org\/{rel}","templated":true}]}}