{"id":28978,"date":"2021-12-24T13:29:09","date_gmt":"2021-12-24T12:29:09","guid":{"rendered":"https:\/\/www.dmg-france.com\/?page_id=28978"},"modified":"2021-12-24T13:47:22","modified_gmt":"2021-12-24T12:47:22","slug":"nos-engagements","status":"publish","type":"page","link":"http:\/\/dmg-france.com\/fr_fr\/nos-engagements\/","title":{"rendered":"Nos engagements"},"content":{"rendered":"<p>[et_pb_section fb_built=\u00a0\u00bb1&Prime; _builder_version=\u00a0\u00bb4.14.1&Prime; _module_preset=\u00a0\u00bbdefault\u00a0\u00bb custom_padding=\u00a0\u00bb16px|||||\u00a0\u00bb global_colors_info=\u00a0\u00bb{}\u00a0\u00bb][et_pb_row _builder_version=\u00a0\u00bb4.14.1&Prime; _module_preset=\u00a0\u00bbdefault\u00a0\u00bb width=\u00a0\u00bb69%\u00a0\u00bb custom_margin=\u00a0\u00bb10px|auto||auto||\u00a0\u00bb global_colors_info=\u00a0\u00bb{}\u00a0\u00bb][et_pb_column type=\u00a0\u00bb4_4&Prime; _builder_version=\u00a0\u00bb4.14.1&Prime; _module_preset=\u00a0\u00bbdefault\u00a0\u00bb global_colors_info=\u00a0\u00bb{}\u00a0\u00bb][et_pb_text _builder_version=\u00a0\u00bb4.14.1&Prime; _module_preset=\u00a0\u00bbdefault\u00a0\u00bb global_colors_info=\u00a0\u00bb{}\u00a0\u00bb]<\/p>\n<h1 style=\"text-align: center;\">NOS ENGAGEMENTS<\/h1>\n<p>[\/et_pb_text][\/et_pb_column][\/et_pb_row][et_pb_row column_structure=\u00a0\u00bb1_2,1_2&Prime; _builder_version=\u00a0\u00bb4.14.1&Prime; _module_preset=\u00a0\u00bbdefault\u00a0\u00bb width=\u00a0\u00bb69%\u00a0\u00bb custom_margin=\u00a0\u00bb-13px|auto||auto||\u00a0\u00bb global_colors_info=\u00a0\u00bb{}\u00a0\u00bb][et_pb_column type=\u00a0\u00bb1_2&Prime; _builder_version=\u00a0\u00bb4.14.1&Prime; _module_preset=\u00a0\u00bbdefault\u00a0\u00bb global_colors_info=\u00a0\u00bb{}\u00a0\u00bb][et_pb_text _builder_version=\u00a0\u00bb4.14.1&Prime; _module_preset=\u00a0\u00bbdefault\u00a0\u00bb global_colors_info=\u00a0\u00bb{}\u00a0\u00bb]<\/p>\n<h1><span style=\"font-size: 26px;\">Pour aller plus loin<\/span><\/h1>\n<p>Notre m\u00e9tier va au del\u00e0 de la livraison de produits command\u00e9s. Nous \u00e9coutons et \u00e9tudions chacune des probl\u00e9matiques de chacun de nos clients pour accompagner voir anticiper leurs demandes.<\/p>\n<p><img loading=\"lazy\" decoding=\"async\" src=\"https:\/\/www.dmg-france.com\/wp-content\/uploads\/2021\/12\/Homme-chariot-elevateur.jpeg\" width=\"399\" height=\"254\" alt=\"Chariot \u00e9l\u00e9vateur\" class=\"wp-image-28982 alignnone size-full\" \/><\/p>\n<h2><span>Aller vite et travailler fort<\/span><\/h2>\n<p>Quand un client ou un collaborateur a besoin de nous, aller vite et travailler fort est et a toujours \u00e9t\u00e9 une v\u00e9ritable philosophie pour DMG. Chaque jour, nous nous remettons en cause, nous repositionnons notre m\u00e9tier au plus pr\u00e8s des besoins et des \u00e9volutions du march\u00e9. Nos valeurs sont traditionnelles et notre travail est moderne et en perp\u00e9tuelle \u00e9volution.<\/p>\n<h2><span>Engagement et respect<\/span><\/h2>\n<p>L&rsquo;engagement et le respect de la parole donn\u00e9e sont des valeurs qui nous portent au quotidien. Malgr\u00e9 le positionnement de notre entreprise sur des march\u00e9s commerciaux de plus en plus incisifs, nos accords commerciaux avec nos fournisseurs et avec nos clients ainsi que les engagements que nous prenons aupr\u00e8s de nos salari\u00e9s sont \u00e9tudi\u00e9s \u00e0 leur juste valeur pour r\u00e9compenser le travail de chacun, pour assurer leur p\u00e9rennit\u00e9 et en garantir leurs r\u00e9ussites.<span><\/span><\/p>\n<p>[\/et_pb_text][\/et_pb_column][et_pb_column type=\u00a0\u00bb1_2&Prime; _builder_version=\u00a0\u00bb4.14.1&Prime; _module_preset=\u00a0\u00bbdefault\u00a0\u00bb global_colors_info=\u00a0\u00bb{}\u00a0\u00bb][et_pb_text _builder_version=\u00a0\u00bb4.14.1&Prime; _module_preset=\u00a0\u00bbdefault\u00a0\u00bb hover_enabled=\u00a0\u00bb0&Prime; global_colors_info=\u00a0\u00bb{}\u00a0\u00bb sticky_enabled=\u00a0\u00bb0&Prime;]<\/p>\n<h2><span>Efficacit\u00e9 et gestion des risques<\/span><\/h2>\n<p>Efficace et pointilleux, DMG a un go\u00fbt particulier pour l&rsquo;excellence. Alors nous avons mis en oeuvre un syst\u00e8me HACCP bas\u00e9 sur une analyse des risques balayant l&rsquo;ensemble de nos activit\u00e9s. Nous suivons en compl\u00e9ment de nos fournisseurs, industriels et artisanaux, la qualit\u00e9 microbiologique des produits que nous distribuons. Notre syst\u00e8me de tra\u00e7abilit\u00e9 amont et aval est quotidiennement test\u00e9 et nous permet de garantir une gestion de dossier de s\u00e9curit\u00e9 alimentaire extr\u00eamement rapide.<\/p>\n<p><img loading=\"lazy\" decoding=\"async\" src=\"https:\/\/www.dmg-france.com\/wp-content\/uploads\/2021\/12\/boite-petri.jpeg\" width=\"185\" height=\"123\" alt=\"Bo\u00eete de petri\" class=\"wp-image-28985 alignnone size-full\" \/><img loading=\"lazy\" decoding=\"async\" src=\"https:\/\/www.dmg-france.com\/wp-content\/uploads\/2021\/12\/code-barre.jpeg\" width=\"197\" height=\"126\" alt=\"code barre\" class=\"wp-image-28986 alignnone size-full\" \/><\/p>\n<h2><span>Notre r\u00e9compense&#8230;<\/span><\/h2>\n<h2><span><\/span><span>c&rsquo;est la satisfaction de nos clients !<\/span><\/h2>\n<p>&nbsp;<\/p>\n<p>[\/et_pb_text][et_pb_divider _builder_version=\u00a0\u00bb4.14.1&Prime; _module_preset=\u00a0\u00bbdefault\u00a0\u00bb color=\u00a0\u00bb#E02B20&Prime; hover_enabled=\u00a0\u00bb0&Prime; sticky_enabled=\u00a0\u00bb0&Prime;][\/et_pb_divider][et_pb_image src=\u00a0\u00bbhttps:\/\/www.dmg-france.com\/wp-content\/uploads\/2021\/12\/Capture-de\u0301cran-2021-12-19-a\u0300-18.42.03.png\u00a0\u00bb _builder_version=\u00a0\u00bb4.14.1&Prime; _module_preset=\u00a0\u00bbdefault\u00a0\u00bb alt=\u00a0\u00bbLogo DMG\u00a0\u00bb title_text=\u00a0\u00bbLogo DMG\u00a0\u00bb width=\u00a0\u00bb38%\u00a0\u00bb module_alignment=\u00a0\u00bbcenter\u00a0\u00bb][\/et_pb_image][\/et_pb_column][\/et_pb_row][\/et_pb_section]<\/p>\n","protected":false},"excerpt":{"rendered":"<p>NOS ENGAGEMENTSPour aller plus loin Notre m\u00e9tier va au del\u00e0 de la livraison de produits command\u00e9s. Nous \u00e9coutons et \u00e9tudions chacune des probl\u00e9matiques de chacun de nos clients pour accompagner voir anticiper leurs demandes. Aller vite et travailler fort Quand un client ou un collaborateur a besoin de nous, aller vite et travailler fort est [&hellip;]<\/p>\n","protected":false},"author":1,"featured_media":0,"parent":0,"menu_order":0,"comment_status":"closed","ping_status":"closed","template":"","meta":{"_et_pb_use_builder":"on","_et_pb_old_content":"","_et_gb_content_width":"","footnotes":""},"class_list":["post-28978","page","type-page","status-publish","hentry"],"acf":[],"_links":{"self":[{"href":"http:\/\/dmg-france.com\/fr_fr\/wp-json\/wp\/v2\/pages\/28978","targetHints":{"allow":["GET"]}}],"collection":[{"href":"http:\/\/dmg-france.com\/fr_fr\/wp-json\/wp\/v2\/pages"}],"about":[{"href":"http:\/\/dmg-france.com\/fr_fr\/wp-json\/wp\/v2\/types\/page"}],"author":[{"embeddable":true,"href":"http:\/\/dmg-france.com\/fr_fr\/wp-json\/wp\/v2\/users\/1"}],"replies":[{"embeddable":true,"href":"http:\/\/dmg-france.com\/fr_fr\/wp-json\/wp\/v2\/comments?post=28978"}],"version-history":[{"count":11,"href":"http:\/\/dmg-france.com\/fr_fr\/wp-json\/wp\/v2\/pages\/28978\/revisions"}],"predecessor-version":[{"id":28996,"href":"http:\/\/dmg-france.com\/fr_fr\/wp-json\/wp\/v2\/pages\/28978\/revisions\/28996"}],"wp:attachment":[{"href":"http:\/\/dmg-france.com\/fr_fr\/wp-json\/wp\/v2\/media?parent=28978"}],"curies":[{"name":"wp","href":"https:\/\/api.w.org\/{rel}","templated":true}]}}